{"id":101,"date":"2020-12-23T08:06:04","date_gmt":"2020-12-23T08:06:04","guid":{"rendered":"http:\/\/haustechnik-doernbach.de\/?page_id=101"},"modified":"2021-01-31T12:23:58","modified_gmt":"2021-01-31T12:23:58","slug":"impressum","status":"publish","type":"page","link":"https:\/\/haustechnik-doernbach.de\/?page_id=101","title":{"rendered":"Impressum"},"content":{"rendered":"\n<p><\/p>\n\n\n\n<p>Haustechnik D\u00f6rnbach, Inh. Michael Philipp<\/p>\n\n\n\n<p>Buschh\u00fcttener Str. 91b<\/p>\n\n\n\n<p>57223 Kreuztal<\/p>\n\n\n\n<p>E-Mail: <a href=\"mailto:_info@haustechnik-doernbach.de\">info@haustechnik-doernbach.de<\/a><\/p>\n\n\n\n<p>Telefon: 02732 2325<\/p>\n\n\n\n<p>Fax: 02732 2318<\/p>\n\n\n\n<p>Zust\u00e4ndige Kammer: Handwerkskammer Arnsberg<\/p>\n\n\n\n<p>Umsatzsteueridentifikationsnummer: 342\/5234\/3288<\/p>\n\n\n\n<p>Inhaltlich Verantwortlicher gem. \u00a7 55 Abs.2 RStV ist: Michael Philipp<\/p>\n\n\n\n<p>Haftungsausschluss<\/p>\n\n\n\n<p>Die bereitgestellten Informationen auf dieser Webseite wurden sorgf\u00e4ltig gepr\u00fcft. Sie werden regelm\u00e4\u00dfig aktualisiert. Jedoch kann keine Haftung oder Garantie daf\u00fcr \u00fcbernommen werden, dass alle Angaben zu jeder Zeit vollst\u00e4ndig, richtig und in letzter Aktualit\u00e4t dargestellt sind. Dies gilt insbesondere f\u00fcr alle Verbindungen (&#8222;Links&#8220;) zu anderen Webseiten, auf die direkt oder indirekt verwiesen wird. Hinsichtlich aufgef\u00fchrter Links erkl\u00e4ren wir ausdr\u00fccklich, dass wir keinerlei Einfluss auf die Gestaltung und die Inhalte der verlinkten Webseiten haben und uns diese Inhalte nicht zu eigen machen. Wir verweisen diesbez\u00fcglich auf das Impressum der jeweils verlinkten Seite.<\/p>\n","protected":false},"excerpt":{"rendered":"<p>Haustechnik D\u00f6rnbach, Inh. Michael Philipp Buschh\u00fcttener Str. 91b 57223 Kreuztal E-Mail: info@haustechnik-doernbach.de Telefon: 02732 2325 Fax: 02732 2318 Zust\u00e4ndige Kammer: Handwerkskammer Arnsberg Umsatzsteueridentifikationsnummer: 342\/5234\/3288 Inhaltlich Verantwortlicher gem. \u00a7 55 Abs.2 RStV ist: Michael Philipp Haftungsausschluss Die bereitgestellten Informationen auf dieser Webseite wurden sorgf\u00e4ltig gepr\u00fcft. Sie werden regelm\u00e4\u00dfig aktualisiert. Jedoch kann keine Haftung oder Garantie daf\u00fcr &hellip; <\/p>\n<p class=\"link-more\"><a href=\"https:\/\/haustechnik-doernbach.de\/?page_id=101\" class=\"more-link\"><span class=\"screen-reader-text\">\u201eImpressum\u201c <\/span>weiterlesen<\/a><\/p>\n","protected":false},"author":1,"featured_media":0,"parent":0,"menu_order":0,"comment_status":"closed","ping_status":"closed","template":"","meta":{"footnotes":""},"class_list":["post-101","page","type-page","status-publish","hentry"],"_links":{"self":[{"href":"https:\/\/haustechnik-doernbach.de\/index.php?rest_route=\/wp\/v2\/pages\/101","targetHints":{"allow":["GET"]}}],"collection":[{"href":"https:\/\/haustechnik-doernbach.de\/index.php?rest_route=\/wp\/v2\/pages"}],"about":[{"href":"https:\/\/haustechnik-doernbach.de\/index.php?rest_route=\/wp\/v2\/types\/page"}],"author":[{"embeddable":true,"href":"https:\/\/haustechnik-doernbach.de\/index.php?rest_route=\/wp\/v2\/users\/1"}],"replies":[{"embeddable":true,"href":"https:\/\/haustechnik-doernbach.de\/index.php?rest_route=%2Fwp%2Fv2%2Fcomments&post=101"}],"version-history":[{"count":2,"href":"https:\/\/haustechnik-doernbach.de\/index.php?rest_route=\/wp\/v2\/pages\/101\/revisions"}],"predecessor-version":[{"id":106,"href":"https:\/\/haustechnik-doernbach.de\/index.php?rest_route=\/wp\/v2\/pages\/101\/revisions\/106"}],"wp:attachment":[{"href":"https:\/\/haustechnik-doernbach.de\/index.php?rest_route=%2Fwp%2Fv2%2Fmedia&parent=101"}],"curies":[{"name":"wp","href":"https:\/\/api.w.org\/{rel}","templated":true}]}}