{"id":35,"date":"2019-05-30T15:08:28","date_gmt":"2019-05-30T15:08:28","guid":{"rendered":"http:\/\/haustechnik-doernbach.de\/?page_id=35"},"modified":"2025-07-31T04:18:54","modified_gmt":"2025-07-31T04:18:54","slug":"das-team","status":"publish","type":"page","link":"http:\/\/haustechnik-doernbach.de\/?page_id=35","title":{"rendered":"Das Team"},"content":{"rendered":"\n<h2 class=\"wp-block-heading\">Wir sind f\u00fcr Sie da<\/h2>\n\n\n\n<p>Wolfgang Treude &#8211; Sanit\u00e4r- und Heizungsinstallation, Klempnerarbeiten, Kundendienst<\/p>\n\n\n\n<p>Pascal Edelhoff &#8211; Kundendienst, Sanit\u00e4r- und Heizungsinstallation<\/p>\n\n\n\n<p>Michael Philipp &#8211; Sanit\u00e4r- und Heizungsinstallation, Klempnerarbeiten, Kundendienst, Angebote<\/p>\n\n\n\n<p>Gabi Philipp &#8211; B\u00fcroorganisation<\/p>\n\n\n\n<p>Luca Hilgers &#8211; Auszubildender<\/p>\n\n\n\n<p><\/p>\n","protected":false},"excerpt":{"rendered":"<p>Wir sind f\u00fcr Sie da Wolfgang Treude &#8211; Sanit\u00e4r- und Heizungsinstallation, Klempnerarbeiten, Kundendienst Pascal Edelhoff &#8211; Kundendienst, Sanit\u00e4r- und Heizungsinstallation Michael Philipp &#8211; Sanit\u00e4r- und Heizungsinstallation, Klempnerarbeiten, Kundendienst, Angebote Gabi Philipp &#8211; B\u00fcroorganisation Luca Hilgers &#8211; Auszubildender<\/p>\n","protected":false},"author":1,"featured_media":0,"parent":0,"menu_order":0,"comment_status":"closed","ping_status":"closed","template":"","meta":{"footnotes":""},"class_list":["post-35","page","type-page","status-publish","hentry"],"_links":{"self":[{"href":"http:\/\/haustechnik-doernbach.de\/index.php?rest_route=\/wp\/v2\/pages\/35","targetHints":{"allow":["GET"]}}],"collection":[{"href":"http:\/\/haustechnik-doernbach.de\/index.php?rest_route=\/wp\/v2\/pages"}],"about":[{"href":"http:\/\/haustechnik-doernbach.de\/index.php?rest_route=\/wp\/v2\/types\/page"}],"author":[{"embeddable":true,"href":"http:\/\/haustechnik-doernbach.de\/index.php?rest_route=\/wp\/v2\/users\/1"}],"replies":[{"embeddable":true,"href":"http:\/\/haustechnik-doernbach.de\/index.php?rest_route=%2Fwp%2Fv2%2Fcomments&post=35"}],"version-history":[{"count":7,"href":"http:\/\/haustechnik-doernbach.de\/index.php?rest_route=\/wp\/v2\/pages\/35\/revisions"}],"predecessor-version":[{"id":141,"href":"http:\/\/haustechnik-doernbach.de\/index.php?rest_route=\/wp\/v2\/pages\/35\/revisions\/141"}],"wp:attachment":[{"href":"http:\/\/haustechnik-doernbach.de\/index.php?rest_route=%2Fwp%2Fv2%2Fmedia&parent=35"}],"curies":[{"name":"wp","href":"https:\/\/api.w.org\/{rel}","templated":true}]}}