{"id":32,"date":"2019-05-30T15:08:08","date_gmt":"2019-05-30T15:08:08","guid":{"rendered":"http:\/\/haustechnik-doernbach.de\/?page_id=32"},"modified":"2020-12-21T16:31:25","modified_gmt":"2020-12-21T16:31:25","slug":"kundendienst","status":"publish","type":"page","link":"http:\/\/haustechnik-doernbach.de\/?page_id=32","title":{"rendered":"Kundendienst"},"content":{"rendered":"\n<a href=\"https:\/\/leckageschutz.info\/\" target=\"_blank\" rel=\"noopener noreferrer\"><img loading=\"lazy\" decoding=\"async\" width=\"768\" height=\"311\" border=\"0\" src=\"https:\/\/leckageschutz.info\/images\/syr-banner\/Banner_Leckageschutz_3_768.jpg\" alt=\"SYR Leckageschutz - Profikompentenz vom Fachhandwerk\" title=\"SYR Leckageschutz - Profikompentenz vom Fachhandwerk\"><\/a>\n\n\n\n<p>Der Wasserhahn tropft? Die Heizung macht Ger\u00e4usche? Der Abfluss macht Probleme?  Die Heizungswartung ist f\u00e4llig? Unser Kundendienst ist f\u00fcr sie da!<\/p>\n\n\n\n<p>Sie erreichen uns unter:<\/p>\n\n\n\n<p>Tel. 02732 \/ 2325 <\/p>\n\n\n\n<p>Fax. 02732 \/ 2318<\/p>\n\n\n\n<p>Mail: info@haustechnik-doernbach.de<\/p>\n\n\n\n<p><\/p>\n\n\n\n<script type=\"text&#x2F;javascript\" src=\"https&#x3A;&#x2F;&#x2F;registrieren.shk-wartungsportal.de&#x2F;assets&#x2F;zvshk-portal&#x2F;js&#x2F;form-iframe&#x2F;iframeResizer.min.js\"><\/script>\n<iframe data-iframe-uid=\"45d474a922fe11daed0293a242ee76ef7e319aa9ceb9d1031be42d90af71f26c84fce189c5c4dab2dea18d8e000f1a0783a867cc96df8d3e07a9d89a5e19e23e\" src=\"https:\/\/registrieren.shk-wartungsportal.de\/de\/de\/zvshk-portal\/api\/script-generator\/generate-iframe?uid=3bc65aee-03f4-4fad-81cd-acf13af961ce\" style=\"border: none; background:none transparent; width:100%;\" allowtransparency=\"true\">\n<\/iframe>\n\n<script>\n    (function() {\n        var interval = null;\n\n        var tryInit = function() {\n            if (! window.iFrameResize) {\n                return;\n            }\n\n            window.iFrameResize(\n                {\n                    autoResize: true,\n                    sizeWidth: false,\n                },\n                '[data-iframe-uid=\"45d474a922fe11daed0293a242ee76ef7e319aa9ceb9d1031be42d90af71f26c84fce189c5c4dab2dea18d8e000f1a0783a867cc96df8d3e07a9d89a5e19e23e\"]'\n            );\n\n            if (interval) {\n                clearInterval(interval);\n                interval = null;\n            }\n        };\n\n        interval = setInterval(tryInit, 50);\n        tryInit();\n    })();\n<\/script>\n","protected":false},"excerpt":{"rendered":"<p>Der Wasserhahn tropft? Die Heizung macht Ger\u00e4usche? Der Abfluss macht Probleme? Die Heizungswartung ist f\u00e4llig? Unser Kundendienst ist f\u00fcr sie da! Sie erreichen uns unter: Tel. 02732 \/ 2325 Fax. 02732 \/ 2318 Mail: info@haustechnik-doernbach.de<\/p>\n","protected":false},"author":1,"featured_media":0,"parent":0,"menu_order":0,"comment_status":"closed","ping_status":"closed","template":"","meta":{"footnotes":""},"class_list":["post-32","page","type-page","status-publish","hentry"],"_links":{"self":[{"href":"http:\/\/haustechnik-doernbach.de\/index.php?rest_route=\/wp\/v2\/pages\/32","targetHints":{"allow":["GET"]}}],"collection":[{"href":"http:\/\/haustechnik-doernbach.de\/index.php?rest_route=\/wp\/v2\/pages"}],"about":[{"href":"http:\/\/haustechnik-doernbach.de\/index.php?rest_route=\/wp\/v2\/types\/page"}],"author":[{"embeddable":true,"href":"http:\/\/haustechnik-doernbach.de\/index.php?rest_route=\/wp\/v2\/users\/1"}],"replies":[{"embeddable":true,"href":"http:\/\/haustechnik-doernbach.de\/index.php?rest_route=%2Fwp%2Fv2%2Fcomments&post=32"}],"version-history":[{"count":6,"href":"http:\/\/haustechnik-doernbach.de\/index.php?rest_route=\/wp\/v2\/pages\/32\/revisions"}],"predecessor-version":[{"id":100,"href":"http:\/\/haustechnik-doernbach.de\/index.php?rest_route=\/wp\/v2\/pages\/32\/revisions\/100"}],"wp:attachment":[{"href":"http:\/\/haustechnik-doernbach.de\/index.php?rest_route=%2Fwp%2Fv2%2Fmedia&parent=32"}],"curies":[{"name":"wp","href":"https:\/\/api.w.org\/{rel}","templated":true}]}}