{"id":13,"date":"2019-05-30T14:33:30","date_gmt":"2019-05-30T14:33:30","guid":{"rendered":"http:\/\/haustechnik-doernbach.de\/?page_id=13"},"modified":"2021-08-31T11:37:49","modified_gmt":"2021-08-31T11:37:49","slug":"sanitaer","status":"publish","type":"page","link":"http:\/\/haustechnik-doernbach.de\/?page_id=13","title":{"rendered":"Sanit\u00e4rinstallation und B\u00e4derbau"},"content":{"rendered":"\n<p>Auf dieser Seite informieren wir Sie \u00fcber den Bereich Sanit\u00e4rinstallation und B\u00e4der. Gerne \u00fcbernehmen wir Arbeiten im Bereich Installation oder planen gemeinsam mit Ihnen ein neues Bad. Egal ob es ein Umbau der Dusche in einen barrierefreien Duschplatz geht oder die Toilette ausgetauscht werden soll, egal ob der Wasserhahn tropft oder das ganze Bad in eine Wohlf\u00fchloase umgewandelt werden soll, wir stehen Ihnen mit Rat und Tat zur Seite. Sprechen Sie uns gerne an. <\/p>\n\n\n\n<p>Diese Seite befindet sich im Aufbau und wird st\u00e4ndig erweitert.<\/p>\n\n\n\n<figure class=\"wp-block-gallery columns-3 is-cropped wp-block-gallery-1 is-layout-flex wp-block-gallery-is-layout-flex\"><ul class=\"blocks-gallery-grid\"><li class=\"blocks-gallery-item\"><figure><img loading=\"lazy\" decoding=\"async\" width=\"575\" height=\"1024\" src=\"http:\/\/haustechnik-doernbach.de\/wp-content\/uploads\/2019\/06\/IMG_20190415_130726-575x1024.jpg\" alt=\"\" data-id=\"57\" data-link=\"http:\/\/haustechnik-doernbach.de\/?attachment_id=57\" class=\"wp-image-57\" srcset=\"http:\/\/haustechnik-doernbach.de\/wp-content\/uploads\/2019\/06\/IMG_20190415_130726-575x1024.jpg 575w, http:\/\/haustechnik-doernbach.de\/wp-content\/uploads\/2019\/06\/IMG_20190415_130726-168x300.jpg 168w, http:\/\/haustechnik-doernbach.de\/wp-content\/uploads\/2019\/06\/IMG_20190415_130726-768x1368.jpg 768w\" sizes=\"auto, (max-width: 575px) 100vw, 575px\" \/><figcaption class=\"blocks-gallery-item__caption\">Gro\u00dfz\u00fcgiger Waschplatz<\/figcaption><\/figure><\/li><li class=\"blocks-gallery-item\"><figure><img loading=\"lazy\" decoding=\"async\" width=\"575\" height=\"1024\" src=\"http:\/\/haustechnik-doernbach.de\/wp-content\/uploads\/2019\/06\/IMG_20190415_130740-575x1024.jpg\" alt=\"\" data-id=\"56\" data-link=\"http:\/\/haustechnik-doernbach.de\/?attachment_id=56\" class=\"wp-image-56\" srcset=\"http:\/\/haustechnik-doernbach.de\/wp-content\/uploads\/2019\/06\/IMG_20190415_130740-575x1024.jpg 575w, http:\/\/haustechnik-doernbach.de\/wp-content\/uploads\/2019\/06\/IMG_20190415_130740-168x300.jpg 168w, http:\/\/haustechnik-doernbach.de\/wp-content\/uploads\/2019\/06\/IMG_20190415_130740-768x1368.jpg 768w\" sizes=\"auto, (max-width: 575px) 100vw, 575px\" \/><figcaption class=\"blocks-gallery-item__caption\">Formsch\u00f6ner Waschtisch mit Badm\u00f6beln<\/figcaption><\/figure><\/li><li class=\"blocks-gallery-item\"><figure><img loading=\"lazy\" decoding=\"async\" width=\"575\" height=\"1024\" src=\"http:\/\/haustechnik-doernbach.de\/wp-content\/uploads\/2019\/06\/IMG_20190516_111711-575x1024.jpg\" alt=\"\" data-id=\"55\" data-link=\"http:\/\/haustechnik-doernbach.de\/?attachment_id=55\" class=\"wp-image-55\" srcset=\"http:\/\/haustechnik-doernbach.de\/wp-content\/uploads\/2019\/06\/IMG_20190516_111711-575x1024.jpg 575w, http:\/\/haustechnik-doernbach.de\/wp-content\/uploads\/2019\/06\/IMG_20190516_111711-168x300.jpg 168w, http:\/\/haustechnik-doernbach.de\/wp-content\/uploads\/2019\/06\/IMG_20190516_111711-768x1368.jpg 768w\" sizes=\"auto, (max-width: 575px) 100vw, 575px\" \/><figcaption class=\"blocks-gallery-item__caption\">Wand-WC in Vorwandtechnik<\/figcaption><\/figure><\/li><li class=\"blocks-gallery-item\"><figure><img loading=\"lazy\" decoding=\"async\" width=\"575\" height=\"1024\" src=\"http:\/\/haustechnik-doernbach.de\/wp-content\/uploads\/2019\/06\/IMG_20190516_111743-575x1024.jpg\" alt=\"\" data-id=\"54\" data-link=\"http:\/\/haustechnik-doernbach.de\/?attachment_id=54\" class=\"wp-image-54\" srcset=\"http:\/\/haustechnik-doernbach.de\/wp-content\/uploads\/2019\/06\/IMG_20190516_111743-575x1024.jpg 575w, http:\/\/haustechnik-doernbach.de\/wp-content\/uploads\/2019\/06\/IMG_20190516_111743-168x300.jpg 168w, http:\/\/haustechnik-doernbach.de\/wp-content\/uploads\/2019\/06\/IMG_20190516_111743-768x1368.jpg 768w\" sizes=\"auto, (max-width: 575px) 100vw, 575px\" \/><figcaption class=\"blocks-gallery-item__caption\">G\u00e4ste-WC<\/figcaption><\/figure><\/li><li class=\"blocks-gallery-item\"><figure><img loading=\"lazy\" decoding=\"async\" width=\"575\" height=\"1024\" src=\"http:\/\/haustechnik-doernbach.de\/wp-content\/uploads\/2019\/05\/IMG_20190415_130726-575x1024.jpg\" alt=\"\" data-id=\"22\" data-link=\"http:\/\/haustechnik-doernbach.de\/?attachment_id=22\" class=\"wp-image-22\" srcset=\"http:\/\/haustechnik-doernbach.de\/wp-content\/uploads\/2019\/05\/IMG_20190415_130726-575x1024.jpg 575w, http:\/\/haustechnik-doernbach.de\/wp-content\/uploads\/2019\/05\/IMG_20190415_130726-168x300.jpg 168w, http:\/\/haustechnik-doernbach.de\/wp-content\/uploads\/2019\/05\/IMG_20190415_130726-768x1368.jpg 768w\" sizes=\"auto, (max-width: 575px) 100vw, 575px\" \/><figcaption class=\"blocks-gallery-item__caption\">Die Schubladen bieten viel Platz<\/figcaption><\/figure><\/li><\/ul><\/figure>\n\n\n\n<a href=\"https:\/\/leckageschutz.info\/\" target=\"_blank\" rel=\"noopener noreferrer\"><img loading=\"lazy\" decoding=\"async\" width=\"768\" height=\"311\" border=\"0\" src=\"https:\/\/leckageschutz.info\/images\/syr-banner\/Banner_Leckageschutz_2_768.jpg\" alt=\"SYR Leckageschutz - Profikompentenz vom Fachhandwerk\" title=\"SYR Leckageschutz - Profikompentenz vom Fachhandwerk\"><\/a>\n\n\n\n<script type=\"text&#x2F;javascript\" src=\"https&#x3A;&#x2F;&#x2F;registrieren.shk-wartungsportal.de&#x2F;assets&#x2F;zvshk-portal&#x2F;js&#x2F;form-iframe&#x2F;iframeResizer.min.js\"><\/script>\n<iframe data-iframe-uid=\"3c91598f7a73a15ac8a3a7ea26ac65bc7c98be877a0329ed0cf18030402722aedca2bf2392a60a6f55d8eb2e3882358094d6f717720dc5a8f829eba7c6551916\" src=\"https:\/\/registrieren.shk-wartungsportal.de\/de\/de\/zvshk-portal\/api\/script-generator\/generate-iframe?uid=f33ab9b1-3e6b-465d-99ff-49d51621bbe1\" style=\"border: none; background:none transparent; width:100%;\" allowtransparency=\"true\">\n<\/iframe>\n\n<script>\n    (function() {\n        var interval = null;\n\n        var tryInit = function() {\n            if (! window.iFrameResize) {\n                return;\n            }\n\n            window.iFrameResize(\n                {\n                    autoResize: true,\n                    sizeWidth: false,\n                },\n                '[data-iframe-uid=\"3c91598f7a73a15ac8a3a7ea26ac65bc7c98be877a0329ed0cf18030402722aedca2bf2392a60a6f55d8eb2e3882358094d6f717720dc5a8f829eba7c6551916\"]'\n            );\n\n            if (interval) {\n                clearInterval(interval);\n                interval = null;\n            }\n        };\n\n        interval = setInterval(tryInit, 50);\n        tryInit();\n    })();\n<\/script>\n","protected":false},"excerpt":{"rendered":"<p>Auf dieser Seite informieren wir Sie \u00fcber den Bereich Sanit\u00e4rinstallation und B\u00e4der. Gerne \u00fcbernehmen wir Arbeiten im Bereich Installation oder planen gemeinsam mit Ihnen ein neues Bad. Egal ob es ein Umbau der Dusche in einen barrierefreien Duschplatz geht oder die Toilette ausgetauscht werden soll, egal ob der Wasserhahn tropft oder das ganze Bad in &hellip; <\/p>\n<p class=\"link-more\"><a href=\"http:\/\/haustechnik-doernbach.de\/?page_id=13\" class=\"more-link\"><span class=\"screen-reader-text\">\u201eSanit\u00e4rinstallation und B\u00e4derbau\u201c <\/span>weiterlesen<\/a><\/p>\n","protected":false},"author":1,"featured_media":0,"parent":0,"menu_order":0,"comment_status":"closed","ping_status":"closed","template":"","meta":{"footnotes":""},"class_list":["post-13","page","type-page","status-publish","hentry"],"_links":{"self":[{"href":"http:\/\/haustechnik-doernbach.de\/index.php?rest_route=\/wp\/v2\/pages\/13","targetHints":{"allow":["GET"]}}],"collection":[{"href":"http:\/\/haustechnik-doernbach.de\/index.php?rest_route=\/wp\/v2\/pages"}],"about":[{"href":"http:\/\/haustechnik-doernbach.de\/index.php?rest_route=\/wp\/v2\/types\/page"}],"author":[{"embeddable":true,"href":"http:\/\/haustechnik-doernbach.de\/index.php?rest_route=\/wp\/v2\/users\/1"}],"replies":[{"embeddable":true,"href":"http:\/\/haustechnik-doernbach.de\/index.php?rest_route=%2Fwp%2Fv2%2Fcomments&post=13"}],"version-history":[{"count":9,"href":"http:\/\/haustechnik-doernbach.de\/index.php?rest_route=\/wp\/v2\/pages\/13\/revisions"}],"predecessor-version":[{"id":115,"href":"http:\/\/haustechnik-doernbach.de\/index.php?rest_route=\/wp\/v2\/pages\/13\/revisions\/115"}],"wp:attachment":[{"href":"http:\/\/haustechnik-doernbach.de\/index.php?rest_route=%2Fwp%2Fv2%2Fmedia&parent=13"}],"curies":[{"name":"wp","href":"https:\/\/api.w.org\/{rel}","templated":true}]}}