{"id":12,"date":"2019-05-30T14:33:30","date_gmt":"2019-05-30T14:33:30","guid":{"rendered":"http:\/\/haustechnik-doernbach.de\/?page_id=12"},"modified":"2024-06-25T04:37:43","modified_gmt":"2024-06-25T04:37:43","slug":"heizung","status":"publish","type":"page","link":"http:\/\/haustechnik-doernbach.de\/?page_id=12","title":{"rendered":"Heizungsinstallation vom Keller bis zum Dach &#8211; W\u00e4rmepumpe"},"content":{"rendered":"\n<p>Auf dieser Seite informieren wir sie \u00fcber Projekte aus dem Bereich Heizungsinstallation, Solaranlagen, W\u00e4rmepumpen und Co. Diese Seite befindet sich noch im Aufbau und wird st\u00e4ndig erweitert. <\/p>\n\n\n\n<figure class=\"wp-block-gallery has-nested-images columns-default is-cropped wp-block-gallery-1 is-layout-flex wp-block-gallery-is-layout-flex\">\n<figure class=\"wp-block-image size-large\"><img loading=\"lazy\" decoding=\"async\" width=\"575\" height=\"1024\" data-id=\"66\" src=\"http:\/\/haustechnik-doernbach.de\/wp-content\/uploads\/2019\/07\/IMG_20190711_150210-575x1024.jpg\" alt=\"\" class=\"wp-image-66\" srcset=\"http:\/\/haustechnik-doernbach.de\/wp-content\/uploads\/2019\/07\/IMG_20190711_150210-575x1024.jpg 575w, http:\/\/haustechnik-doernbach.de\/wp-content\/uploads\/2019\/07\/IMG_20190711_150210-168x300.jpg 168w, http:\/\/haustechnik-doernbach.de\/wp-content\/uploads\/2019\/07\/IMG_20190711_150210-768x1368.jpg 768w\" sizes=\"auto, (max-width: 575px) 100vw, 575px\" \/><figcaption class=\"wp-element-caption\">Der neue Viessmann Vitodens 333-F<\/figcaption><\/figure>\n\n\n\n<figure class=\"wp-block-image size-large\"><img loading=\"lazy\" decoding=\"async\" width=\"575\" height=\"1024\" data-id=\"67\" src=\"http:\/\/haustechnik-doernbach.de\/wp-content\/uploads\/2019\/07\/IMG_20190711_150156-575x1024.jpg\" alt=\"\" class=\"wp-image-67\" srcset=\"http:\/\/haustechnik-doernbach.de\/wp-content\/uploads\/2019\/07\/IMG_20190711_150156-575x1024.jpg 575w, http:\/\/haustechnik-doernbach.de\/wp-content\/uploads\/2019\/07\/IMG_20190711_150156-168x300.jpg 168w, http:\/\/haustechnik-doernbach.de\/wp-content\/uploads\/2019\/07\/IMG_20190711_150156-768x1368.jpg 768w\" sizes=\"auto, (max-width: 575px) 100vw, 575px\" \/><figcaption class=\"wp-element-caption\">Sparsame Gasbrennwert-Technik<\/figcaption><\/figure>\n<\/figure>\n\n\n\n<figure class=\"wp-block-image size-large\"><img loading=\"lazy\" decoding=\"async\" width=\"1024\" height=\"575\" src=\"http:\/\/haustechnik-doernbach.de\/wp-content\/uploads\/2023\/06\/ZAnsinger-1024x575.jpg\" alt=\"\" class=\"wp-image-121\" srcset=\"http:\/\/haustechnik-doernbach.de\/wp-content\/uploads\/2023\/06\/ZAnsinger-1024x575.jpg 1024w, http:\/\/haustechnik-doernbach.de\/wp-content\/uploads\/2023\/06\/ZAnsinger-300x168.jpg 300w, http:\/\/haustechnik-doernbach.de\/wp-content\/uploads\/2023\/06\/ZAnsinger-768x431.jpg 768w, http:\/\/haustechnik-doernbach.de\/wp-content\/uploads\/2023\/06\/ZAnsinger.jpg 1080w\" sizes=\"auto, (max-width: 767px) 89vw, (max-width: 1000px) 54vw, (max-width: 1071px) 543px, 580px\" \/><\/figure>\n\n\n\n<figure class=\"wp-block-image\"><img loading=\"lazy\" decoding=\"async\" width=\"575\" height=\"1024\" src=\"http:\/\/haustechnik-doernbach.de\/wp-content\/uploads\/2019\/05\/IMG_20190516_111700-575x1024.jpg\" alt=\"\" class=\"wp-image-20\" srcset=\"http:\/\/haustechnik-doernbach.de\/wp-content\/uploads\/2019\/05\/IMG_20190516_111700-575x1024.jpg 575w, http:\/\/haustechnik-doernbach.de\/wp-content\/uploads\/2019\/05\/IMG_20190516_111700-168x300.jpg 168w, http:\/\/haustechnik-doernbach.de\/wp-content\/uploads\/2019\/05\/IMG_20190516_111700-768x1368.jpg 768w\" sizes=\"auto, (max-width: 575px) 100vw, 575px\" \/><figcaption class=\"wp-element-caption\">Komfort im Bad &#8211; Handtuchheizk\u00f6rper<\/figcaption><\/figure>\n\n\n\n<figure class=\"wp-block-image size-large\"><img loading=\"lazy\" decoding=\"async\" width=\"1024\" height=\"768\" src=\"http:\/\/haustechnik-doernbach.de\/wp-content\/uploads\/2023\/06\/Gierschmann-1024x768.jpg\" alt=\"\" class=\"wp-image-123\" srcset=\"http:\/\/haustechnik-doernbach.de\/wp-content\/uploads\/2023\/06\/Gierschmann-1024x768.jpg 1024w, http:\/\/haustechnik-doernbach.de\/wp-content\/uploads\/2023\/06\/Gierschmann-300x225.jpg 300w, http:\/\/haustechnik-doernbach.de\/wp-content\/uploads\/2023\/06\/Gierschmann-768x576.jpg 768w, http:\/\/haustechnik-doernbach.de\/wp-content\/uploads\/2023\/06\/Gierschmann.jpg 1080w\" sizes=\"auto, (max-width: 767px) 89vw, (max-width: 1000px) 54vw, (max-width: 1071px) 543px, 580px\" \/><\/figure>\n\n\n\n<figure class=\"wp-block-image size-large\"><img loading=\"lazy\" decoding=\"async\" width=\"1024\" height=\"575\" src=\"http:\/\/haustechnik-doernbach.de\/wp-content\/uploads\/2020\/07\/107624204_1614445302064333_312235970666150774_o-1024x575.jpg\" alt=\"\" class=\"wp-image-76\" srcset=\"http:\/\/haustechnik-doernbach.de\/wp-content\/uploads\/2020\/07\/107624204_1614445302064333_312235970666150774_o-1024x575.jpg 1024w, http:\/\/haustechnik-doernbach.de\/wp-content\/uploads\/2020\/07\/107624204_1614445302064333_312235970666150774_o-300x169.jpg 300w, http:\/\/haustechnik-doernbach.de\/wp-content\/uploads\/2020\/07\/107624204_1614445302064333_312235970666150774_o-768x431.jpg 768w, http:\/\/haustechnik-doernbach.de\/wp-content\/uploads\/2020\/07\/107624204_1614445302064333_312235970666150774_o.jpg 1440w\" sizes=\"auto, (max-width: 767px) 89vw, (max-width: 1000px) 54vw, (max-width: 1071px) 543px, 580px\" \/><figcaption class=\"wp-element-caption\">Gasbrennwertheizung von Vaillant<\/figcaption><\/figure>\n\n\n\n<figure class=\"wp-block-image size-large\"><img loading=\"lazy\" decoding=\"async\" width=\"1024\" height=\"575\" src=\"http:\/\/haustechnik-doernbach.de\/wp-content\/uploads\/2020\/07\/IMG_20200716_085130-1024x575.jpg\" alt=\"\" class=\"wp-image-78\" srcset=\"http:\/\/haustechnik-doernbach.de\/wp-content\/uploads\/2020\/07\/IMG_20200716_085130-1024x575.jpg 1024w, http:\/\/haustechnik-doernbach.de\/wp-content\/uploads\/2020\/07\/IMG_20200716_085130-300x168.jpg 300w, http:\/\/haustechnik-doernbach.de\/wp-content\/uploads\/2020\/07\/IMG_20200716_085130-768x431.jpg 768w, http:\/\/haustechnik-doernbach.de\/wp-content\/uploads\/2020\/07\/IMG_20200716_085130-1536x863.jpg 1536w, http:\/\/haustechnik-doernbach.de\/wp-content\/uploads\/2020\/07\/IMG_20200716_085130-2048x1150.jpg 2048w\" sizes=\"auto, (max-width: 767px) 89vw, (max-width: 1000px) 54vw, (max-width: 1071px) 543px, 580px\" \/><figcaption class=\"wp-element-caption\">Viessmann Vitocrossal mit nebenstehendem Edelstahl-Wasserspeicher und zwei Heizkreisen<\/figcaption><\/figure>\n\n\n\n<h2 class=\"wp-block-heading\">W\u00e4rmepumpe Stiebel Eltron<\/h2>\n\n\n\n<figure class=\"wp-block-image size-large\"><img loading=\"lazy\" decoding=\"async\" width=\"1024\" height=\"719\" src=\"https:\/\/haustechnik-doernbach.de\/wp-content\/uploads\/2024\/06\/WP1-1-1024x719.jpeg\" alt=\"\" class=\"wp-image-131\" srcset=\"http:\/\/haustechnik-doernbach.de\/wp-content\/uploads\/2024\/06\/WP1-1-1024x719.jpeg 1024w, http:\/\/haustechnik-doernbach.de\/wp-content\/uploads\/2024\/06\/WP1-1-300x211.jpeg 300w, http:\/\/haustechnik-doernbach.de\/wp-content\/uploads\/2024\/06\/WP1-1-768x539.jpeg 768w, http:\/\/haustechnik-doernbach.de\/wp-content\/uploads\/2024\/06\/WP1-1.jpeg 1080w\" sizes=\"auto, (max-width: 767px) 89vw, (max-width: 1000px) 54vw, (max-width: 1071px) 543px, 580px\" \/><\/figure>\n\n\n\n<figure class=\"wp-block-image size-large\"><img loading=\"lazy\" decoding=\"async\" width=\"768\" height=\"1024\" src=\"https:\/\/haustechnik-doernbach.de\/wp-content\/uploads\/2024\/06\/WP2-768x1024.jpeg\" alt=\"\" class=\"wp-image-132\" srcset=\"http:\/\/haustechnik-doernbach.de\/wp-content\/uploads\/2024\/06\/WP2-768x1024.jpeg 768w, http:\/\/haustechnik-doernbach.de\/wp-content\/uploads\/2024\/06\/WP2-225x300.jpeg 225w, http:\/\/haustechnik-doernbach.de\/wp-content\/uploads\/2024\/06\/WP2.jpeg 1080w\" sizes=\"auto, (max-width: 767px) 89vw, (max-width: 1000px) 54vw, (max-width: 1071px) 543px, 580px\" \/><\/figure>\n\n\n\n<figure class=\"wp-block-image size-large\"><img loading=\"lazy\" decoding=\"async\" width=\"1024\" height=\"768\" src=\"https:\/\/haustechnik-doernbach.de\/wp-content\/uploads\/2024\/06\/WP3-1024x768.jpeg\" alt=\"\" class=\"wp-image-134\" srcset=\"http:\/\/haustechnik-doernbach.de\/wp-content\/uploads\/2024\/06\/WP3-1024x768.jpeg 1024w, http:\/\/haustechnik-doernbach.de\/wp-content\/uploads\/2024\/06\/WP3-300x225.jpeg 300w, http:\/\/haustechnik-doernbach.de\/wp-content\/uploads\/2024\/06\/WP3-768x576.jpeg 768w, http:\/\/haustechnik-doernbach.de\/wp-content\/uploads\/2024\/06\/WP3.jpeg 1080w\" sizes=\"auto, (max-width: 767px) 89vw, (max-width: 1000px) 54vw, (max-width: 1071px) 543px, 580px\" \/><\/figure>\n","protected":false},"excerpt":{"rendered":"<p>Auf dieser Seite informieren wir sie \u00fcber Projekte aus dem Bereich Heizungsinstallation, Solaranlagen, W\u00e4rmepumpen und Co. Diese Seite befindet sich noch im Aufbau und wird st\u00e4ndig erweitert. W\u00e4rmepumpe Stiebel Eltron<\/p>\n","protected":false},"author":1,"featured_media":0,"parent":0,"menu_order":0,"comment_status":"closed","ping_status":"closed","template":"","meta":{"footnotes":""},"class_list":["post-12","page","type-page","status-publish","hentry"],"_links":{"self":[{"href":"http:\/\/haustechnik-doernbach.de\/index.php?rest_route=\/wp\/v2\/pages\/12","targetHints":{"allow":["GET"]}}],"collection":[{"href":"http:\/\/haustechnik-doernbach.de\/index.php?rest_route=\/wp\/v2\/pages"}],"about":[{"href":"http:\/\/haustechnik-doernbach.de\/index.php?rest_route=\/wp\/v2\/types\/page"}],"author":[{"embeddable":true,"href":"http:\/\/haustechnik-doernbach.de\/index.php?rest_route=\/wp\/v2\/users\/1"}],"replies":[{"embeddable":true,"href":"http:\/\/haustechnik-doernbach.de\/index.php?rest_route=%2Fwp%2Fv2%2Fcomments&post=12"}],"version-history":[{"count":14,"href":"http:\/\/haustechnik-doernbach.de\/index.php?rest_route=\/wp\/v2\/pages\/12\/revisions"}],"predecessor-version":[{"id":138,"href":"http:\/\/haustechnik-doernbach.de\/index.php?rest_route=\/wp\/v2\/pages\/12\/revisions\/138"}],"wp:attachment":[{"href":"http:\/\/haustechnik-doernbach.de\/index.php?rest_route=%2Fwp%2Fv2%2Fmedia&parent=12"}],"curies":[{"name":"wp","href":"https:\/\/api.w.org\/{rel}","templated":true}]}}