{"id":107,"date":"2021-01-31T12:32:52","date_gmt":"2021-01-31T12:32:52","guid":{"rendered":"http:\/\/haustechnik-doernbach.de\/?page_id=107"},"modified":"2021-01-31T12:32:52","modified_gmt":"2021-01-31T12:32:52","slug":"datenschutzhinweise","status":"publish","type":"page","link":"http:\/\/haustechnik-doernbach.de\/?page_id=107","title":{"rendered":"Datenschutzhinweise"},"content":{"rendered":"\n<p>I. Information \u00fcber die Erhebung personenbezogener Daten<\/p>\n\n\n\n<p>1.&nbsp;Im Folgenden informieren wir \u00fcber die Erhebung personenbezogener Daten bei Nutzung unserer Website. Personenbezogene Daten sind alle Daten, die auf Sie pers\u00f6nlich beziehbar sind, z.B. Name, Adresse, E-Mail-Adresse, Nutzerverhalten.<\/p>\n\n\n\n<p>2.\u00a0Verantwortlicher gem. Art. 4 Abs. 7 EU-Datenschutz-Grundverordnung (DSGVO) ist:\u00a0Haustechnik D\u00f6rnbach, Inh. Michael Philipp, Buchh\u00fcttener Str. 91b, 57223 Kreuztal<\/p>\n\n\n\n<p>3.\u00a0Unseren Datenschutzbeauftragten erreichen Sie unter\u00a0<em>info@haustechnik-doernbach.de oder unter Datenschutzbeauftragter c\/o Haustechnik D\u00f6rnbach, Buschh\u00fcttener Str. 91b, <\/em>57223 Kreuztal.<\/p>\n\n\n\n<p>4. Bei Ihrer Kontaktaufnahme mit uns per E-Mail oder \u00fcber ein Kontaktformular werden die von Ihnen mitgeteilten Daten (wie z.B. Ihre E-Mail-Adresse, Ihr Name, etc.) von uns gespeichert, um Ihr Anliegen zu beantworten. Die in diesem Zusammenhang anfallenden Daten l\u00f6schen wir, nachdem die Speicherung nicht mehr erforderlich ist, oder schr\u00e4nken die Verarbeitung ein, falls gesetzliche Aufbewahrungspflichten bestehen.<\/p>\n\n\n\n<p>II.&nbsp;Ihre Rechte<\/p>\n\n\n\n<p>1.&nbsp;Sie haben gegen\u00fcber uns folgende Rechte hinsichtlich der Sie betreffenden personenbezogenen Daten:<\/p>\n\n\n\n<p>&nbsp;\u2013 Recht auf Auskunft,<\/p>\n\n\n\n<p>&nbsp;\u2013 Recht auf Berichtigung oder L\u00f6schung,<\/p>\n\n\n\n<p>&nbsp;\u2013 Recht auf Einschr\u00e4nkung der Verarbeitung,<\/p>\n\n\n\n<p>&nbsp;\u2013 Recht auf Widerspruch gegen die Verarbeitung,<\/p>\n\n\n\n<p>&nbsp;\u2013 Recht auf Daten\u00fcbertragbarkeit.<\/p>\n\n\n\n<p>2. Sie haben zudem das Recht, sich bei einer Datenschutz-Aufsichtsbeh\u00f6rde \u00fcber die Verarbeitung Ihrer personenbezogenen Daten durch uns zu beschweren.<\/p>\n\n\n\n<p>III.&nbsp;Erhebung personenbezogener Daten bei Besuch unserer Website<\/p>\n\n\n\n<p>1.&nbsp;Bei der blo\u00df informatorischen Nutzung der Website, also wenn Sie sich nicht registrieren oder uns anderweitig Informationen \u00fcbermitteln, erheben wir nur die personenbezogenen Daten, die Ihr Browser an unseren Server \u00fcbermittelt. Wenn Sie unsere Website betrachten m\u00f6chten, erheben wir die folgenden Daten, die f\u00fcr uns technisch erforderlich sind, um Ihnen unsere Website anzuzeigen und die Stabilit\u00e4t und Sicherheit zu gew\u00e4hrleisten (Rechtsgrundlage ist Art. 6 Abs. 1 S. 1 lit. f DS-GVO):<\/p>\n\n\n\n<p>&nbsp;\u2013 IP-Adresse<\/p>\n\n\n\n<p>&nbsp;\u2013 Datum und Uhrzeit der Anfrage<\/p>\n\n\n\n<p>&nbsp;\u2013 Zeitzonendifferenz zur Greenwich Mean Time (GMT)<\/p>\n\n\n\n<p>&nbsp;\u2013 Inhalt der Anforderung (konkrete Seite)<\/p>\n\n\n\n<p>&nbsp;\u2013 Zugriffsstatus\/HTTP-Statuscode<\/p>\n\n\n\n<p>&nbsp;\u2013 jeweils \u00fcbertragene Datenmenge<\/p>\n\n\n\n<p>&nbsp;\u2013 Website, von der die Anforderung kommt<\/p>\n\n\n\n<p>&nbsp;\u2013 Browser<\/p>\n\n\n\n<p>&nbsp;\u2013 Betriebssystem und dessen Oberfl\u00e4che<\/p>\n\n\n\n<p>&nbsp;\u2013 Sprache und Version der Browsersoftware.<\/p>\n\n\n\n<p><em>2.&nbsp;Zus\u00e4tzlich zu den zuvor genannten Daten werden bei Ihrer Nutzung unserer Website Cookies auf Ihrem Rechner gespeichert. Bei Cookies handelt es sich um kleine Textdateien, die auf Ihrer Festplatte dem von Ihnen verwendeten Browser zugeordnet gespeichert werden und durch welche der Stelle, die den Cookie setzt (hier durch uns), bestimmte Informationen zuflie\u00dfen. Cookies k\u00f6nnen keine Programme ausf\u00fchren oder Viren auf Ihren Computer \u00fcbertragen. Sie dienen dazu, das Internetangebot insgesamt nutzerfreundlicher und effektiver zu machen.<\/em><\/p>\n\n\n\n<p><em>3.&nbsp;Einsatz von Cookies:<\/em><\/p>\n\n\n\n<p>&nbsp;<em>a.&nbsp;Diese Website nutzt folgende Arten von Cookies, deren Umfang und Funktionsweise im Folgenden erl\u00e4utert werden:<\/em><\/p>\n\n\n\n<p>&nbsp;<em>b.&nbsp;Transiente Cookies werden automatisiert gel\u00f6scht, wenn Sie den Browser schlie\u00dfen. Dazu z\u00e4hlen insbesondere die Session-Cookies. Diese speichern eine sogenannte Session-ID, mit welcher sich verschiedene Anfragen Ihres Browsers der gemeinsamen Sitzung zuordnen lassen. Dadurch kann Ihr Rechner wiedererkannt werden, wenn Sie auf unsere Website zur\u00fcckkehren. Die Session-Cookies werden gel\u00f6scht, wenn Sie sich ausloggen oder den Browser schlie\u00dfen.<\/em><\/p>\n\n\n\n<p>&nbsp;<em>c.&nbsp;Persistente Cookies werden automatisiert nach einer vorgegebenen Dauer gel\u00f6scht, die sich je nach Cookie unterscheiden kann. Sie k\u00f6nnen die Cookies in den Sicherheitseinstellungen Ihres Browsers jederzeit l\u00f6schen.<\/em><\/p>\n\n\n\n<p>&nbsp;<em>d.&nbsp;Sie k\u00f6nnen Ihre Browser-Einstellung entsprechend Ihren W\u00fcnschen konfigurieren und z.B. die Annahme von Third-Party-Cookies oder allen Cookies ablehnen. Wir weisen Sie darauf hin, dass Sie eventuell nicht alle Funktionen dieser Website nutzen k\u00f6nnen.<\/em><\/p>\n\n\n\n<p>&nbsp;<em>e.&nbsp;Wir setzen Cookies ein, um Sie f\u00fcr Folgebesuche identifizieren zu k\u00f6nnen, falls Sie \u00fcber einen Account bei uns verf\u00fcgen. Andernfalls m\u00fcssten Sie sich f\u00fcr jeden Besuch erneut einloggen.<\/em><\/p>\n\n\n\n<p>&nbsp;<em>f.&nbsp;Die genutzten Flash-Cookies werden nicht durch Ihren Browser erfasst, sondern durch Ihr Flash-Plug-in. Weiterhin nutzen wir HTML5 storage objects, die auf Ihrem Endger\u00e4t abgelegt werden. Diese Objekte speichern die erforderlichen Daten unabh\u00e4ngig von Ihrem verwendeten Browser und haben kein automatisches Ablaufdatum. Wenn Sie keine Verarbeitung der Flash-Cookies w\u00fcnschen, m\u00fcssen Sie ein entsprechendes Add-On installieren, z.B. \u201eBetter Privacy\u201c f\u00fcr Mozilla Firefox (<\/em><a href=\"https:\/\/addons.mozilla.org\/de\/firefox\/addon\/betterprivacy\/\"><em><u>https:\/\/addons.mozilla.org\/de\/firefox\/addon\/betterprivacy\/<\/u><\/em><\/a><em>) oder das Adobe-Flash-Killer-Cookie f\u00fcr Google Chrome. Die Nutzung von HTML5 storage objects k\u00f6nnen Sie verhindern, indem Sie in Ihrem Browser den privaten Modus einsetzen. Zudem empfehlen wir, regelm\u00e4\u00dfig Ihre Cookies und den Browser-Verlauf manuell zu l\u00f6schen.<\/em><\/p>\n\n\n\n<p>IV. Widerspruch oder Widerruf gegen die Verarbeitung Ihrer Daten<\/p>\n\n\n\n<p>1.&nbsp;Falls Sie eine Einwilligung zur Verarbeitung Ihrer Daten erteilt haben, k\u00f6nnen Sie diese jederzeit widerrufen. Ein solcher Widerruf beeinflusst die Zul\u00e4ssigkeit der Verarbeitung Ihrer personenbezogenen Daten, nachdem Sie ihn gegen\u00fcber uns ausgesprochen haben.<\/p>\n\n\n\n<p>2.&nbsp;Soweit wir die Verarbeitung Ihrer personenbezogenen Daten auf die Interessenabw\u00e4gung st\u00fctzen, k\u00f6nnen Sie Widerspruch gegen die Verarbeitung einlegen. Dies ist der Fall, wenn die Verarbeitung insbesondere nicht zur Erf\u00fcllung eines Vertrags mit Ihnen erforderlich ist, was von uns jeweils bei der nachfolgenden Beschreibung der Funktionen dargestellt wird. Bei Aus\u00fcbung eines solchen Widerspruchs bitten wir um Darlegung der Gr\u00fcnde, weshalb wir Ihre personenbezogenen Daten nicht wie von uns durchgef\u00fchrt verarbeiten sollten. Im Falle Ihres begr\u00fcndeten Widerspruchs pr\u00fcfen wir die Sachlage und werden entweder die Datenverarbeitung einstellen bzw. anpassen oder Ihnen unsere zwingenden schutzw\u00fcrdigen Gr\u00fcnde aufzeigen, aufgrund derer wir die Verarbeitung fortf\u00fchren.<\/p>\n\n\n\n<p>3.&nbsp;Selbstverst\u00e4ndlich k\u00f6nnen Sie der Verarbeitung Ihrer personenbezogenen Daten f\u00fcr Zwecke der Werbung und Datenanalyse jederzeit widersprechen. \u00dcber Ihren Werbewiderspruch k\u00f6nnen Sie uns unter folgenden Kontaktdaten informieren: [<em>datenschutz[at]musterbetrieb.<\/em>de].<\/p>\n\n\n\n<p>Soweit Daten f\u00fcr abrechnungstechnische und buchhalterische Zwecke genutzt werden, sind sie von einer K\u00fcndigung beziehungsweise von einer L\u00f6schung nicht ber\u00fchrt.<\/p>\n\n\n\n<p>V. Drittanbieter<\/p>\n\n\n\n<p>Links zu Websites anderer Anbieter, die in unserem Angebot enthalten sind, werden von dieser Datenschutzerkl\u00e4rung nicht umfasst. Wir haben keinen Einfluss darauf, dass deren Betreiber die Datenschutzbestimmungen einhalten.<\/p>\n","protected":false},"excerpt":{"rendered":"<p>I. Information \u00fcber die Erhebung personenbezogener Daten 1.&nbsp;Im Folgenden informieren wir \u00fcber die Erhebung personenbezogener Daten bei Nutzung unserer Website. Personenbezogene Daten sind alle Daten, die auf Sie pers\u00f6nlich beziehbar sind, z.B. Name, Adresse, E-Mail-Adresse, Nutzerverhalten. 2.\u00a0Verantwortlicher gem. Art. 4 Abs. 7 EU-Datenschutz-Grundverordnung (DSGVO) ist:\u00a0Haustechnik D\u00f6rnbach, Inh. Michael Philipp, Buchh\u00fcttener Str. 91b, 57223 Kreuztal 3.\u00a0Unseren &hellip; <\/p>\n<p class=\"link-more\"><a href=\"http:\/\/haustechnik-doernbach.de\/?page_id=107\" class=\"more-link\"><span class=\"screen-reader-text\">\u201eDatenschutzhinweise\u201c <\/span>weiterlesen<\/a><\/p>\n","protected":false},"author":1,"featured_media":0,"parent":0,"menu_order":0,"comment_status":"closed","ping_status":"closed","template":"","meta":{"footnotes":""},"class_list":["post-107","page","type-page","status-publish","hentry"],"_links":{"self":[{"href":"http:\/\/haustechnik-doernbach.de\/index.php?rest_route=\/wp\/v2\/pages\/107","targetHints":{"allow":["GET"]}}],"collection":[{"href":"http:\/\/haustechnik-doernbach.de\/index.php?rest_route=\/wp\/v2\/pages"}],"about":[{"href":"http:\/\/haustechnik-doernbach.de\/index.php?rest_route=\/wp\/v2\/types\/page"}],"author":[{"embeddable":true,"href":"http:\/\/haustechnik-doernbach.de\/index.php?rest_route=\/wp\/v2\/users\/1"}],"replies":[{"embeddable":true,"href":"http:\/\/haustechnik-doernbach.de\/index.php?rest_route=%2Fwp%2Fv2%2Fcomments&post=107"}],"version-history":[{"count":1,"href":"http:\/\/haustechnik-doernbach.de\/index.php?rest_route=\/wp\/v2\/pages\/107\/revisions"}],"predecessor-version":[{"id":108,"href":"http:\/\/haustechnik-doernbach.de\/index.php?rest_route=\/wp\/v2\/pages\/107\/revisions\/108"}],"wp:attachment":[{"href":"http:\/\/haustechnik-doernbach.de\/index.php?rest_route=%2Fwp%2Fv2%2Fmedia&parent=107"}],"curies":[{"name":"wp","href":"https:\/\/api.w.org\/{rel}","templated":true}]}}